{"id":63,"date":"2019-03-20T15:20:10","date_gmt":"2019-03-20T14:20:10","guid":{"rendered":"https:\/\/www.dsb030.de\/?page_id=63"},"modified":"2019-06-13T18:43:46","modified_gmt":"2019-06-13T16:43:46","slug":"dsgvo-einfach","status":"publish","type":"page","link":"https:\/\/www.dsb030.de\/index.php\/dsgvo-einfach\/","title":{"rendered":"Die Antworten &#8230;"},"content":{"rendered":"\n<p>Was macht meine Firma DSGVO konform? <br>Hier finden sie was sie brauchen um den Anforderungen der aktuellen Datenschutzgesetze zu entsprechen.<br><br>In den folgenden Checks k\u00f6nnen sie einfach feststellen welche Elemente sie brauchen:<\/p>\n\n\n\n<ul class=\"wp-block-list\"><li><a href=\"https:\/\/www.dsb030.de\/index.php\/01-brauche-ich-einen-dsb\/\">Datenschutzbeauftragen<\/a><\/li><li><a href=\"\/index.php\/verarbeitungsverzeichnis\/\">Verarbeitungsverzeichnis<\/a><\/li><\/ul>\n\n\n\n<p class=\"hinweis\">Was ist Verarbeitung von Daten?<br>Erheben, das Erfassen, die Organisation, das Ordnen, die Speicherung, die Anpassung oder Ver\u00e4nderung, das Auslesen, das Abfragen, die Verwendung, die Offenlegung durch \u00dcbermittlung, Verbreitung oder eine andere Form der Bereitstellung, den Abgleich oder die Verkn\u00fcpfung, die Einschr\u00e4nkung, das L\u00f6schen oder die Vernichtung. DSGVO Art. 4 Nr. 2<br><\/p>\n\n\n\n<p><\/p>\n","protected":false},"excerpt":{"rendered":"<p>Was macht meine Firma DSGVO konform? Hier finden sie was sie brauchen um den Anforderungen der aktuellen Datenschutzgesetze zu entsprechen. In den folgenden Checks k\u00f6nnen sie einfach feststellen welche Elemente sie brauchen: Datenschutzbeauftragen Verarbeitungsverzeichnis Was ist Verarbeitung von Daten?Erheben, das Erfassen, die Organisation, das Ordnen, die Speicherung, die Anpassung oder Ver\u00e4nderung, das Auslesen, das Abfragen, die Verwendung, die Offenlegung durch [&hellip;]<\/p>\n","protected":false},"author":1,"featured_media":0,"parent":0,"menu_order":0,"comment_status":"closed","ping_status":"closed","template":"","meta":{"footnotes":""},"class_list":["post-63","page","type-page","status-publish","hentry"],"yoast_head":"<!-- This site is optimized with the Yoast SEO plugin v25.4 - https:\/\/yoast.com\/wordpress\/plugins\/seo\/ -->\n<title>Die Antworten ... - Datenschutz leicht gemacht<\/title>\n<meta name=\"robots\" content=\"index, follow, max-snippet:-1, max-image-preview:large, max-video-preview:-1\" \/>\n<link rel=\"canonical\" href=\"https:\/\/www.dsb030.de\/index.php\/dsgvo-einfach\/\" \/>\n<meta property=\"og:locale\" content=\"de_DE\" \/>\n<meta property=\"og:type\" content=\"article\" \/>\n<meta property=\"og:title\" content=\"Die Antworten ... - Datenschutz leicht gemacht\" \/>\n<meta property=\"og:description\" content=\"Was macht meine Firma DSGVO konform? Hier finden sie was sie brauchen um den Anforderungen der aktuellen Datenschutzgesetze zu entsprechen. In den folgenden Checks k\u00f6nnen sie einfach feststellen welche Elemente sie brauchen: Datenschutzbeauftragen Verarbeitungsverzeichnis Was ist Verarbeitung von Daten?Erheben, das Erfassen, die Organisation, das Ordnen, die Speicherung, die Anpassung oder Ver\u00e4nderung, das Auslesen, das Abfragen, die Verwendung, die Offenlegung durch [&hellip;]\" \/>\n<meta property=\"og:url\" content=\"https:\/\/www.dsb030.de\/index.php\/dsgvo-einfach\/\" \/>\n<meta property=\"og:site_name\" content=\"Datenschutz leicht gemacht\" \/>\n<meta property=\"article:modified_time\" content=\"2019-06-13T16:43:46+00:00\" \/>\n<meta name=\"twitter:card\" content=\"summary_large_image\" \/>\n<script type=\"application\/ld+json\" class=\"yoast-schema-graph\">{\"@context\":\"https:\/\/schema.org\",\"@graph\":[{\"@type\":\"WebPage\",\"@id\":\"https:\/\/www.dsb030.de\/index.php\/dsgvo-einfach\/\",\"url\":\"https:\/\/www.dsb030.de\/index.php\/dsgvo-einfach\/\",\"name\":\"Die Antworten ... - Datenschutz leicht gemacht\",\"isPartOf\":{\"@id\":\"https:\/\/www.dsb030.de\/#website\"},\"datePublished\":\"2019-03-20T14:20:10+00:00\",\"dateModified\":\"2019-06-13T16:43:46+00:00\",\"breadcrumb\":{\"@id\":\"https:\/\/www.dsb030.de\/index.php\/dsgvo-einfach\/#breadcrumb\"},\"inLanguage\":\"de\",\"potentialAction\":[{\"@type\":\"ReadAction\",\"target\":[\"https:\/\/www.dsb030.de\/index.php\/dsgvo-einfach\/\"]}]},{\"@type\":\"BreadcrumbList\",\"@id\":\"https:\/\/www.dsb030.de\/index.php\/dsgvo-einfach\/#breadcrumb\",\"itemListElement\":[{\"@type\":\"ListItem\",\"position\":1,\"name\":\"Home\",\"item\":\"https:\/\/www.dsb030.de\/\"},{\"@type\":\"ListItem\",\"position\":2,\"name\":\"Die Antworten &#8230;\"}]},{\"@type\":\"WebSite\",\"@id\":\"https:\/\/www.dsb030.de\/#website\",\"url\":\"https:\/\/www.dsb030.de\/\",\"name\":\"Datenschutz leicht gemacht\",\"description\":\"Ihr externer Datenschutzbeauftragter f\u00fcr Berlin und Umgebung\",\"potentialAction\":[{\"@type\":\"SearchAction\",\"target\":{\"@type\":\"EntryPoint\",\"urlTemplate\":\"https:\/\/www.dsb030.de\/?s={search_term_string}\"},\"query-input\":{\"@type\":\"PropertyValueSpecification\",\"valueRequired\":true,\"valueName\":\"search_term_string\"}}],\"inLanguage\":\"de\"}]}<\/script>\n<!-- \/ Yoast SEO plugin. -->","yoast_head_json":{"title":"Die Antworten ... - Datenschutz leicht gemacht","robots":{"index":"index","follow":"follow","max-snippet":"max-snippet:-1","max-image-preview":"max-image-preview:large","max-video-preview":"max-video-preview:-1"},"canonical":"https:\/\/www.dsb030.de\/index.php\/dsgvo-einfach\/","og_locale":"de_DE","og_type":"article","og_title":"Die Antworten ... - Datenschutz leicht gemacht","og_description":"Was macht meine Firma DSGVO konform? Hier finden sie was sie brauchen um den Anforderungen der aktuellen Datenschutzgesetze zu entsprechen. In den folgenden Checks k\u00f6nnen sie einfach feststellen welche Elemente sie brauchen: Datenschutzbeauftragen Verarbeitungsverzeichnis Was ist Verarbeitung von Daten?Erheben, das Erfassen, die Organisation, das Ordnen, die Speicherung, die Anpassung oder Ver\u00e4nderung, das Auslesen, das Abfragen, die Verwendung, die Offenlegung durch [&hellip;]","og_url":"https:\/\/www.dsb030.de\/index.php\/dsgvo-einfach\/","og_site_name":"Datenschutz leicht gemacht","article_modified_time":"2019-06-13T16:43:46+00:00","twitter_card":"summary_large_image","schema":{"@context":"https:\/\/schema.org","@graph":[{"@type":"WebPage","@id":"https:\/\/www.dsb030.de\/index.php\/dsgvo-einfach\/","url":"https:\/\/www.dsb030.de\/index.php\/dsgvo-einfach\/","name":"Die Antworten ... - Datenschutz leicht gemacht","isPartOf":{"@id":"https:\/\/www.dsb030.de\/#website"},"datePublished":"2019-03-20T14:20:10+00:00","dateModified":"2019-06-13T16:43:46+00:00","breadcrumb":{"@id":"https:\/\/www.dsb030.de\/index.php\/dsgvo-einfach\/#breadcrumb"},"inLanguage":"de","potentialAction":[{"@type":"ReadAction","target":["https:\/\/www.dsb030.de\/index.php\/dsgvo-einfach\/"]}]},{"@type":"BreadcrumbList","@id":"https:\/\/www.dsb030.de\/index.php\/dsgvo-einfach\/#breadcrumb","itemListElement":[{"@type":"ListItem","position":1,"name":"Home","item":"https:\/\/www.dsb030.de\/"},{"@type":"ListItem","position":2,"name":"Die Antworten &#8230;"}]},{"@type":"WebSite","@id":"https:\/\/www.dsb030.de\/#website","url":"https:\/\/www.dsb030.de\/","name":"Datenschutz leicht gemacht","description":"Ihr externer Datenschutzbeauftragter f\u00fcr Berlin und Umgebung","potentialAction":[{"@type":"SearchAction","target":{"@type":"EntryPoint","urlTemplate":"https:\/\/www.dsb030.de\/?s={search_term_string}"},"query-input":{"@type":"PropertyValueSpecification","valueRequired":true,"valueName":"search_term_string"}}],"inLanguage":"de"}]}},"_links":{"self":[{"href":"https:\/\/www.dsb030.de\/index.php\/wp-json\/wp\/v2\/pages\/63","targetHints":{"allow":["GET"]}}],"collection":[{"href":"https:\/\/www.dsb030.de\/index.php\/wp-json\/wp\/v2\/pages"}],"about":[{"href":"https:\/\/www.dsb030.de\/index.php\/wp-json\/wp\/v2\/types\/page"}],"author":[{"embeddable":true,"href":"https:\/\/www.dsb030.de\/index.php\/wp-json\/wp\/v2\/users\/1"}],"replies":[{"embeddable":true,"href":"https:\/\/www.dsb030.de\/index.php\/wp-json\/wp\/v2\/comments?post=63"}],"version-history":[{"count":10,"href":"https:\/\/www.dsb030.de\/index.php\/wp-json\/wp\/v2\/pages\/63\/revisions"}],"predecessor-version":[{"id":551,"href":"https:\/\/www.dsb030.de\/index.php\/wp-json\/wp\/v2\/pages\/63\/revisions\/551"}],"wp:attachment":[{"href":"https:\/\/www.dsb030.de\/index.php\/wp-json\/wp\/v2\/media?parent=63"}],"curies":[{"name":"wp","href":"https:\/\/api.w.org\/{rel}","templated":true}]}}