{"id":36,"date":"2019-03-20T15:09:58","date_gmt":"2019-03-20T14:09:58","guid":{"rendered":"https:\/\/www.dsb030.de\/?page_id=36"},"modified":"2019-04-10T21:28:44","modified_gmt":"2019-04-10T19:28:44","slug":"01-brauche-ich-einen-dsb","status":"publish","type":"page","link":"https:\/\/www.dsb030.de\/index.php\/01-brauche-ich-einen-dsb\/","title":{"rendered":"Datenschutzbeauftragte\/r (DSB)"},"content":{"rendered":"\n<p>Der Datenschutzbeauftragte unterst\u00fctzt die Gesch\u00e4ftsf\u00fchrung bei der Umsetzung der Datenschutzvorschriften. Er erfasst alle Verarbeitungen von personenbezogenen Daten im Unternehmen und kann diese auf Anfrage zur Verf\u00fcgung stellen. Der DSB ber\u00e4t sie in der Umsetzung der technischen und organisatorischen Ma\u00dfnahmen und schult das Personal. Er wird bei der Beh\u00f6rde gemeldet und seine Kontaktdaten werden in der Datenschutzerkl\u00e4rung ver\u00f6ffentlicht.<\/p>\n\n\n\n<p>Erfahren sie durch diesen Check, ob sie einen DSB in ihrem Unternehmen ben\u00f6tigen:<br><\/p>\n\n\n\n<div class=\"wp-block-button\"><a class=\"wp-block-button__link has-text-color has-background has-primary-background-color\" href=\"https:\/\/www.dsb030.de\/index.php\/antworten\/?go=dsb-1\" style=\"color:#000000\">hier herausfinden<br><\/a><\/div>\n","protected":false},"excerpt":{"rendered":"<p>Der Datenschutzbeauftragte unterst\u00fctzt die Gesch\u00e4ftsf\u00fchrung bei der Umsetzung der Datenschutzvorschriften. Er erfasst alle Verarbeitungen von personenbezogenen Daten im Unternehmen und kann diese auf Anfrage zur Verf\u00fcgung stellen. Der DSB ber\u00e4t sie in der Umsetzung der technischen und organisatorischen Ma\u00dfnahmen und schult das Personal. Er wird bei der Beh\u00f6rde gemeldet und seine Kontaktdaten werden in der Datenschutzerkl\u00e4rung ver\u00f6ffentlicht. Erfahren sie durch [&hellip;]<\/p>\n","protected":false},"author":1,"featured_media":0,"parent":0,"menu_order":0,"comment_status":"closed","ping_status":"closed","template":"","meta":{"footnotes":""},"class_list":["post-36","page","type-page","status-publish","hentry"],"yoast_head":"<!-- This site is optimized with the Yoast SEO plugin v25.4 - https:\/\/yoast.com\/wordpress\/plugins\/seo\/ -->\n<title>Datenschutzbeauftragte\/r (DSB) - Datenschutz leicht gemacht<\/title>\n<meta name=\"robots\" content=\"index, follow, max-snippet:-1, max-image-preview:large, max-video-preview:-1\" \/>\n<link rel=\"canonical\" href=\"https:\/\/www.dsb030.de\/index.php\/01-brauche-ich-einen-dsb\/\" \/>\n<meta property=\"og:locale\" content=\"de_DE\" \/>\n<meta property=\"og:type\" content=\"article\" \/>\n<meta property=\"og:title\" content=\"Datenschutzbeauftragte\/r (DSB) - Datenschutz leicht gemacht\" \/>\n<meta property=\"og:description\" content=\"Der Datenschutzbeauftragte unterst\u00fctzt die Gesch\u00e4ftsf\u00fchrung bei der Umsetzung der Datenschutzvorschriften. Er erfasst alle Verarbeitungen von personenbezogenen Daten im Unternehmen und kann diese auf Anfrage zur Verf\u00fcgung stellen. Der DSB ber\u00e4t sie in der Umsetzung der technischen und organisatorischen Ma\u00dfnahmen und schult das Personal. Er wird bei der Beh\u00f6rde gemeldet und seine Kontaktdaten werden in der Datenschutzerkl\u00e4rung ver\u00f6ffentlicht. Erfahren sie durch [&hellip;]\" \/>\n<meta property=\"og:url\" content=\"https:\/\/www.dsb030.de\/index.php\/01-brauche-ich-einen-dsb\/\" \/>\n<meta property=\"og:site_name\" content=\"Datenschutz leicht gemacht\" \/>\n<meta property=\"article:modified_time\" content=\"2019-04-10T19:28:44+00:00\" \/>\n<meta name=\"twitter:card\" content=\"summary_large_image\" \/>\n<script type=\"application\/ld+json\" class=\"yoast-schema-graph\">{\"@context\":\"https:\/\/schema.org\",\"@graph\":[{\"@type\":\"WebPage\",\"@id\":\"https:\/\/www.dsb030.de\/index.php\/01-brauche-ich-einen-dsb\/\",\"url\":\"https:\/\/www.dsb030.de\/index.php\/01-brauche-ich-einen-dsb\/\",\"name\":\"Datenschutzbeauftragte\/r (DSB) - Datenschutz leicht gemacht\",\"isPartOf\":{\"@id\":\"https:\/\/www.dsb030.de\/#website\"},\"datePublished\":\"2019-03-20T14:09:58+00:00\",\"dateModified\":\"2019-04-10T19:28:44+00:00\",\"breadcrumb\":{\"@id\":\"https:\/\/www.dsb030.de\/index.php\/01-brauche-ich-einen-dsb\/#breadcrumb\"},\"inLanguage\":\"de\",\"potentialAction\":[{\"@type\":\"ReadAction\",\"target\":[\"https:\/\/www.dsb030.de\/index.php\/01-brauche-ich-einen-dsb\/\"]}]},{\"@type\":\"BreadcrumbList\",\"@id\":\"https:\/\/www.dsb030.de\/index.php\/01-brauche-ich-einen-dsb\/#breadcrumb\",\"itemListElement\":[{\"@type\":\"ListItem\",\"position\":1,\"name\":\"Home\",\"item\":\"https:\/\/www.dsb030.de\/\"},{\"@type\":\"ListItem\",\"position\":2,\"name\":\"Datenschutzbeauftragte\/r (DSB)\"}]},{\"@type\":\"WebSite\",\"@id\":\"https:\/\/www.dsb030.de\/#website\",\"url\":\"https:\/\/www.dsb030.de\/\",\"name\":\"Datenschutz leicht gemacht\",\"description\":\"Ihr externer Datenschutzbeauftragter f\u00fcr Berlin und Umgebung\",\"potentialAction\":[{\"@type\":\"SearchAction\",\"target\":{\"@type\":\"EntryPoint\",\"urlTemplate\":\"https:\/\/www.dsb030.de\/?s={search_term_string}\"},\"query-input\":{\"@type\":\"PropertyValueSpecification\",\"valueRequired\":true,\"valueName\":\"search_term_string\"}}],\"inLanguage\":\"de\"}]}<\/script>\n<!-- \/ Yoast SEO plugin. -->","yoast_head_json":{"title":"Datenschutzbeauftragte\/r (DSB) - Datenschutz leicht gemacht","robots":{"index":"index","follow":"follow","max-snippet":"max-snippet:-1","max-image-preview":"max-image-preview:large","max-video-preview":"max-video-preview:-1"},"canonical":"https:\/\/www.dsb030.de\/index.php\/01-brauche-ich-einen-dsb\/","og_locale":"de_DE","og_type":"article","og_title":"Datenschutzbeauftragte\/r (DSB) - Datenschutz leicht gemacht","og_description":"Der Datenschutzbeauftragte unterst\u00fctzt die Gesch\u00e4ftsf\u00fchrung bei der Umsetzung der Datenschutzvorschriften. Er erfasst alle Verarbeitungen von personenbezogenen Daten im Unternehmen und kann diese auf Anfrage zur Verf\u00fcgung stellen. Der DSB ber\u00e4t sie in der Umsetzung der technischen und organisatorischen Ma\u00dfnahmen und schult das Personal. Er wird bei der Beh\u00f6rde gemeldet und seine Kontaktdaten werden in der Datenschutzerkl\u00e4rung ver\u00f6ffentlicht. Erfahren sie durch [&hellip;]","og_url":"https:\/\/www.dsb030.de\/index.php\/01-brauche-ich-einen-dsb\/","og_site_name":"Datenschutz leicht gemacht","article_modified_time":"2019-04-10T19:28:44+00:00","twitter_card":"summary_large_image","schema":{"@context":"https:\/\/schema.org","@graph":[{"@type":"WebPage","@id":"https:\/\/www.dsb030.de\/index.php\/01-brauche-ich-einen-dsb\/","url":"https:\/\/www.dsb030.de\/index.php\/01-brauche-ich-einen-dsb\/","name":"Datenschutzbeauftragte\/r (DSB) - Datenschutz leicht gemacht","isPartOf":{"@id":"https:\/\/www.dsb030.de\/#website"},"datePublished":"2019-03-20T14:09:58+00:00","dateModified":"2019-04-10T19:28:44+00:00","breadcrumb":{"@id":"https:\/\/www.dsb030.de\/index.php\/01-brauche-ich-einen-dsb\/#breadcrumb"},"inLanguage":"de","potentialAction":[{"@type":"ReadAction","target":["https:\/\/www.dsb030.de\/index.php\/01-brauche-ich-einen-dsb\/"]}]},{"@type":"BreadcrumbList","@id":"https:\/\/www.dsb030.de\/index.php\/01-brauche-ich-einen-dsb\/#breadcrumb","itemListElement":[{"@type":"ListItem","position":1,"name":"Home","item":"https:\/\/www.dsb030.de\/"},{"@type":"ListItem","position":2,"name":"Datenschutzbeauftragte\/r (DSB)"}]},{"@type":"WebSite","@id":"https:\/\/www.dsb030.de\/#website","url":"https:\/\/www.dsb030.de\/","name":"Datenschutz leicht gemacht","description":"Ihr externer Datenschutzbeauftragter f\u00fcr Berlin und Umgebung","potentialAction":[{"@type":"SearchAction","target":{"@type":"EntryPoint","urlTemplate":"https:\/\/www.dsb030.de\/?s={search_term_string}"},"query-input":{"@type":"PropertyValueSpecification","valueRequired":true,"valueName":"search_term_string"}}],"inLanguage":"de"}]}},"_links":{"self":[{"href":"https:\/\/www.dsb030.de\/index.php\/wp-json\/wp\/v2\/pages\/36","targetHints":{"allow":["GET"]}}],"collection":[{"href":"https:\/\/www.dsb030.de\/index.php\/wp-json\/wp\/v2\/pages"}],"about":[{"href":"https:\/\/www.dsb030.de\/index.php\/wp-json\/wp\/v2\/types\/page"}],"author":[{"embeddable":true,"href":"https:\/\/www.dsb030.de\/index.php\/wp-json\/wp\/v2\/users\/1"}],"replies":[{"embeddable":true,"href":"https:\/\/www.dsb030.de\/index.php\/wp-json\/wp\/v2\/comments?post=36"}],"version-history":[{"count":49,"href":"https:\/\/www.dsb030.de\/index.php\/wp-json\/wp\/v2\/pages\/36\/revisions"}],"predecessor-version":[{"id":423,"href":"https:\/\/www.dsb030.de\/index.php\/wp-json\/wp\/v2\/pages\/36\/revisions\/423"}],"wp:attachment":[{"href":"https:\/\/www.dsb030.de\/index.php\/wp-json\/wp\/v2\/media?parent=36"}],"curies":[{"name":"wp","href":"https:\/\/api.w.org\/{rel}","templated":true}]}}