{"id":3,"date":"2019-03-12T23:59:13","date_gmt":"2019-03-12T22:59:13","guid":{"rendered":"https:\/\/www.dsb030.de\/?page_id=3"},"modified":"2019-04-19T08:48:31","modified_gmt":"2019-04-19T06:48:31","slug":"datenschutz","status":"publish","type":"page","link":"https:\/\/www.dsb030.de\/index.php\/datenschutz\/","title":{"rendered":"Datenschutz"},"content":{"rendered":"\n<h2 class=\"wp-block-heading\">Wer wir sind<\/h2>\n\n\n\n<p>Die Adresse unserer Website ist: https:\/\/www.dsb030.de.<\/p>\n\n\n\n<h3 class=\"wp-block-heading\" id=\"dsg-general-legalbasis\">Rechtsgrundlagen<\/h3>\n\n\n\n<p>Nach Art. 13 DSGVO teilen wir Ihnen die Rechtsgrundlagen unserer Verarbeitung personenbezogener Daten mit.<br>\nSofern die Rechtsgrundlage in der Datenschutzerkl\u00e4rung nicht genannt wird, gilt Folgendes:<br>\nDS-GVO Art. 6 Abs. 1 lit. a und Art. 7 DSGVO f\u00fcr die Einholung von Einwilligungen<br>\nDS-GVO Art. 6 Abs. 1 lit. b&nbsp; f\u00fcr die Verarbeitung zur Erf\u00fcllung unserer Leistungen und Durchf\u00fchrung vertraglicher Ma\u00dfnahmen sowie Beantwortung von Anfragen<br>\nDS-GVO Art. 6 Abs. 1 lit. c f\u00fcr die Verarbeitung zur Erf\u00fcllung unserer rechtlichen Verpflichtungen<br>\nDS-GVO Art. 6 Abs. 1 lit. f f\u00fcr die Verarbeitung zur Wahrung unserer berechtigten Interessen<br>\nDS-GVO Art. 6 Abs. 1 lit. d f\u00fcr die Verarbeitung zur Wahrung lebenswichtiger Interessen der betroffenen Person oder einer anderen nat\u00fcrlichen Person<\/p>\n\n\n\n<h2 class=\"wp-block-heading\">Welche personenbezogenen Daten wir sammeln und warum wir sie sammeln<\/h2>\n\n\n\n<h3 class=\"wp-block-heading\">Zugriffsdaten<\/h3>\n\n\n\n<p>Vom Betreiber werden Daten \u00fcber Zugriffe auf die Seite erhoben und in\n den Server-logfiles gespeichert. Folgende Daten werden erhoben:<br>\nName der Webseite, Uhrzeit, Datenmenge, Verweis von welchem die Seite \naufgerufen wurde, Browserversion, Betriebssystem, IP-Adresse.<br>\nDie erhobenen Daten diesen statistischen Auswertungen und der \nVerbesserung der Seite. Der Betreiber beh\u00e4lt sich vor die Logfiles zu \npr\u00fcfen sollten sich konkrete Anhaltspunkte f\u00fcr eine rechtswidrige \nNutzung ergeben.<\/p>\n\n\n\n<p>Sucuris SiteCheck :\n Die IP-Adresse der Besucher, die Benutzer-ID der angemeldeten Benutzer \nund der Benutzername der Anmeldeversuche werden unter bestimmten \nBedingungen protokolliert, um auf b\u00f6sartige Aktivit\u00e4ten zu pr\u00fcfen und \ndie Site vor bestimmten Arten von Angriffen zu sch\u00fctzen. Beispiele f\u00fcr \nBedingungen bei der Protokollierung sind Anmeldeversuche, \nAbmeldeanforderungen, Anforderungen f\u00fcr verd\u00e4chtige URLs, \u00c4nderungen am \nWebsiteinhalt und Kennwortaktualisierungen. Diese Informationen werden \nf\u00fcr 60 Tage gespeichert.<\/p>\n\n\n\n<h3 class=\"wp-block-heading\">Cookies<\/h3>\n\n\n\n<p>Beim Besuchen der Anmeldeseite wird ein tempor\u00e4res Cookie gesetzt, \ndas die Kompatibilit\u00e4t mit einigen alternativen Anmeldemethoden \nunterst\u00fctzt. Dieser Cookie enth\u00e4lt keine pers\u00f6nlichen Daten und l\u00e4uft \nnach 1 Stunde ab.<\/p>\n\n\n\n<p>Durch die Cookie Abfrage wird ein Cookie gesetzt. Dieser Cookie wird gel\u00f6scht wenn der Browser geschlossen wird.<\/p>\n\n\n\n<h3 class=\"wp-block-heading\">Webfonts<\/h3>\n\n\n\n<p>Auf diesen Internetseiten werden externe Schriften, Google Fonts \nverwendet. Google Fonts ist ein Dienst der Google Inc. (\u201eGoogle\u201c). Die \nEinbindung dieser Web Fonts erfolgt durch einen Serveraufruf, in der \nRegel ein Server von Google in den USA. Hierdurch wird an den Server \n\u00fcbermittelt, welche unserer Internetseiten Sie besucht haben. Auch wird \ndie IP-Adresse des Browsers des Endger\u00e4tes des Besuchers dieser \nInternetseiten von Google gespeichert. N\u00e4here Informationen finden Sie \nin den Datenschutzhinweisen von Google, die Sie hier abrufen k\u00f6nnen:<br>\nwww.google.com\/fonts#AboutPlace:about<br>\nwww.google.com\/policies\/privacy\/<\/p>\n\n\n\n<h3 class=\"wp-block-heading\">Wie lange wir deine Daten speichern<\/h3>\n\n\n\n<p>Wenn du einen Kommentar schreibst, wird dieser inklusive Metadaten \nzeitlich unbegrenzt gespeichert. Auf diese Art k\u00f6nnen wir \nFolgekommentare automatisch erkennen und freigeben, anstelle sie in \neiner Moderations-Warteschlange festzuhalten.<\/p>\n\n\n\n<p>F\u00fcr Benutzer, die sich auf unserer Website registrieren, speichern \nwir zus\u00e4tzlich die pers\u00f6nlichen Informationen, die sie in ihren \nBenutzerprofilen angeben. Alle Benutzer k\u00f6nnen jederzeit ihre \npers\u00f6nlichen Informationen einsehen, ver\u00e4ndern oder l\u00f6schen (der \nBenutzername kann nicht ver\u00e4ndert werden). Administratoren der Website \nk\u00f6nnen diese Informationen ebenfalls einsehen und ver\u00e4ndern.<\/p>\n\n\n\n<h2 class=\"wp-block-heading\">Wohin Daten gesendet werden<\/h2>\n\n\n\n<p>Diese Website wird von Sucuris SiteCheck auf m\u00f6gliche Malware und \nSicherheitsl\u00fccken gescannt. Wir senden keine pers\u00f6nlichen Informationen \nan Sucuri; Sucuri konnte jedoch w\u00e4hrend des Scans pers\u00f6nliche \nInformationen finden (z. B. in Kommentaren). Weitere Informationen \nfinden Sie in der Datenschutzerkl\u00e4rung von Sucuri.<\/p>\n\n\n\n<h3 class=\"wp-block-heading\">Ihre Rechte<\/h3>\n\n\n\n<p>Sie haben ein Recht auf unentgeltliche Auskunft \u00fcber Ihre \ngespeicherten Daten sowie ein Recht auf Berichtigung, L\u00f6schung oder \nSperrung von Daten, Widerspruch und Daten\u00fcbertragbarkeit haben. Bitte \nwenden Sie sich hierzu ebenso f\u00fcr weitere Ausk\u00fcnfte oder f\u00fcr die \nGeltendmachung von Widerrufsrechten an den Betreiber.<br>\nFerner haben Sie das Recht zur Beschwerde bei einer Aufsichtsbeh\u00f6rde.<\/p>\n","protected":false},"excerpt":{"rendered":"<p>Wer wir sind Die Adresse unserer Website ist: https:\/\/www.dsb030.de. Rechtsgrundlagen Nach Art. 13 DSGVO teilen wir Ihnen die Rechtsgrundlagen unserer Verarbeitung personenbezogener Daten mit. Sofern die Rechtsgrundlage in der Datenschutzerkl\u00e4rung nicht genannt wird, gilt Folgendes: DS-GVO Art. 6 Abs. 1 lit. a und Art. 7 DSGVO f\u00fcr die Einholung von Einwilligungen DS-GVO Art. 6 Abs. 1 lit. b&nbsp; f\u00fcr die [&hellip;]<\/p>\n","protected":false},"author":1,"featured_media":0,"parent":0,"menu_order":0,"comment_status":"closed","ping_status":"closed","template":"","meta":{"footnotes":""},"class_list":["post-3","page","type-page","status-publish","hentry"],"yoast_head":"<!-- This site is optimized with the Yoast SEO plugin v25.4 - https:\/\/yoast.com\/wordpress\/plugins\/seo\/ -->\n<title>Datenschutz - Datenschutz leicht gemacht<\/title>\n<meta name=\"robots\" content=\"index, follow, max-snippet:-1, max-image-preview:large, max-video-preview:-1\" \/>\n<link rel=\"canonical\" href=\"https:\/\/www.dsb030.de\/index.php\/datenschutz\/\" \/>\n<meta property=\"og:locale\" content=\"de_DE\" \/>\n<meta property=\"og:type\" content=\"article\" \/>\n<meta property=\"og:title\" content=\"Datenschutz - Datenschutz leicht gemacht\" \/>\n<meta property=\"og:description\" content=\"Wer wir sind Die Adresse unserer Website ist: https:\/\/www.dsb030.de. Rechtsgrundlagen Nach Art. 13 DSGVO teilen wir Ihnen die Rechtsgrundlagen unserer Verarbeitung personenbezogener Daten mit. Sofern die Rechtsgrundlage in der Datenschutzerkl\u00e4rung nicht genannt wird, gilt Folgendes: DS-GVO Art. 6 Abs. 1 lit. a und Art. 7 DSGVO f\u00fcr die Einholung von Einwilligungen DS-GVO Art. 6 Abs. 1 lit. b&nbsp; f\u00fcr die [&hellip;]\" \/>\n<meta property=\"og:url\" content=\"https:\/\/www.dsb030.de\/index.php\/datenschutz\/\" \/>\n<meta property=\"og:site_name\" content=\"Datenschutz leicht gemacht\" \/>\n<meta property=\"article:modified_time\" content=\"2019-04-19T06:48:31+00:00\" \/>\n<meta name=\"twitter:card\" content=\"summary_large_image\" \/>\n<meta name=\"twitter:label1\" content=\"Gesch\u00e4tzte Lesezeit\" \/>\n\t<meta name=\"twitter:data1\" content=\"3\u00a0Minuten\" \/>\n<script type=\"application\/ld+json\" class=\"yoast-schema-graph\">{\"@context\":\"https:\/\/schema.org\",\"@graph\":[{\"@type\":\"WebPage\",\"@id\":\"https:\/\/www.dsb030.de\/index.php\/datenschutz\/\",\"url\":\"https:\/\/www.dsb030.de\/index.php\/datenschutz\/\",\"name\":\"Datenschutz - Datenschutz leicht gemacht\",\"isPartOf\":{\"@id\":\"https:\/\/www.dsb030.de\/#website\"},\"datePublished\":\"2019-03-12T22:59:13+00:00\",\"dateModified\":\"2019-04-19T06:48:31+00:00\",\"breadcrumb\":{\"@id\":\"https:\/\/www.dsb030.de\/index.php\/datenschutz\/#breadcrumb\"},\"inLanguage\":\"de\",\"potentialAction\":[{\"@type\":\"ReadAction\",\"target\":[\"https:\/\/www.dsb030.de\/index.php\/datenschutz\/\"]}]},{\"@type\":\"BreadcrumbList\",\"@id\":\"https:\/\/www.dsb030.de\/index.php\/datenschutz\/#breadcrumb\",\"itemListElement\":[{\"@type\":\"ListItem\",\"position\":1,\"name\":\"Home\",\"item\":\"https:\/\/www.dsb030.de\/\"},{\"@type\":\"ListItem\",\"position\":2,\"name\":\"Datenschutz\"}]},{\"@type\":\"WebSite\",\"@id\":\"https:\/\/www.dsb030.de\/#website\",\"url\":\"https:\/\/www.dsb030.de\/\",\"name\":\"Datenschutz leicht gemacht\",\"description\":\"Ihr externer Datenschutzbeauftragter f\u00fcr Berlin und Umgebung\",\"potentialAction\":[{\"@type\":\"SearchAction\",\"target\":{\"@type\":\"EntryPoint\",\"urlTemplate\":\"https:\/\/www.dsb030.de\/?s={search_term_string}\"},\"query-input\":{\"@type\":\"PropertyValueSpecification\",\"valueRequired\":true,\"valueName\":\"search_term_string\"}}],\"inLanguage\":\"de\"}]}<\/script>\n<!-- \/ Yoast SEO plugin. -->","yoast_head_json":{"title":"Datenschutz - Datenschutz leicht gemacht","robots":{"index":"index","follow":"follow","max-snippet":"max-snippet:-1","max-image-preview":"max-image-preview:large","max-video-preview":"max-video-preview:-1"},"canonical":"https:\/\/www.dsb030.de\/index.php\/datenschutz\/","og_locale":"de_DE","og_type":"article","og_title":"Datenschutz - Datenschutz leicht gemacht","og_description":"Wer wir sind Die Adresse unserer Website ist: https:\/\/www.dsb030.de. Rechtsgrundlagen Nach Art. 13 DSGVO teilen wir Ihnen die Rechtsgrundlagen unserer Verarbeitung personenbezogener Daten mit. Sofern die Rechtsgrundlage in der Datenschutzerkl\u00e4rung nicht genannt wird, gilt Folgendes: DS-GVO Art. 6 Abs. 1 lit. a und Art. 7 DSGVO f\u00fcr die Einholung von Einwilligungen DS-GVO Art. 6 Abs. 1 lit. b&nbsp; f\u00fcr die [&hellip;]","og_url":"https:\/\/www.dsb030.de\/index.php\/datenschutz\/","og_site_name":"Datenschutz leicht gemacht","article_modified_time":"2019-04-19T06:48:31+00:00","twitter_card":"summary_large_image","twitter_misc":{"Gesch\u00e4tzte Lesezeit":"3\u00a0Minuten"},"schema":{"@context":"https:\/\/schema.org","@graph":[{"@type":"WebPage","@id":"https:\/\/www.dsb030.de\/index.php\/datenschutz\/","url":"https:\/\/www.dsb030.de\/index.php\/datenschutz\/","name":"Datenschutz - Datenschutz leicht gemacht","isPartOf":{"@id":"https:\/\/www.dsb030.de\/#website"},"datePublished":"2019-03-12T22:59:13+00:00","dateModified":"2019-04-19T06:48:31+00:00","breadcrumb":{"@id":"https:\/\/www.dsb030.de\/index.php\/datenschutz\/#breadcrumb"},"inLanguage":"de","potentialAction":[{"@type":"ReadAction","target":["https:\/\/www.dsb030.de\/index.php\/datenschutz\/"]}]},{"@type":"BreadcrumbList","@id":"https:\/\/www.dsb030.de\/index.php\/datenschutz\/#breadcrumb","itemListElement":[{"@type":"ListItem","position":1,"name":"Home","item":"https:\/\/www.dsb030.de\/"},{"@type":"ListItem","position":2,"name":"Datenschutz"}]},{"@type":"WebSite","@id":"https:\/\/www.dsb030.de\/#website","url":"https:\/\/www.dsb030.de\/","name":"Datenschutz leicht gemacht","description":"Ihr externer Datenschutzbeauftragter f\u00fcr Berlin und Umgebung","potentialAction":[{"@type":"SearchAction","target":{"@type":"EntryPoint","urlTemplate":"https:\/\/www.dsb030.de\/?s={search_term_string}"},"query-input":{"@type":"PropertyValueSpecification","valueRequired":true,"valueName":"search_term_string"}}],"inLanguage":"de"}]}},"_links":{"self":[{"href":"https:\/\/www.dsb030.de\/index.php\/wp-json\/wp\/v2\/pages\/3","targetHints":{"allow":["GET"]}}],"collection":[{"href":"https:\/\/www.dsb030.de\/index.php\/wp-json\/wp\/v2\/pages"}],"about":[{"href":"https:\/\/www.dsb030.de\/index.php\/wp-json\/wp\/v2\/types\/page"}],"author":[{"embeddable":true,"href":"https:\/\/www.dsb030.de\/index.php\/wp-json\/wp\/v2\/users\/1"}],"replies":[{"embeddable":true,"href":"https:\/\/www.dsb030.de\/index.php\/wp-json\/wp\/v2\/comments?post=3"}],"version-history":[{"count":3,"href":"https:\/\/www.dsb030.de\/index.php\/wp-json\/wp\/v2\/pages\/3\/revisions"}],"predecessor-version":[{"id":466,"href":"https:\/\/www.dsb030.de\/index.php\/wp-json\/wp\/v2\/pages\/3\/revisions\/466"}],"wp:attachment":[{"href":"https:\/\/www.dsb030.de\/index.php\/wp-json\/wp\/v2\/media?parent=3"}],"curies":[{"name":"wp","href":"https:\/\/api.w.org\/{rel}","templated":true}]}}