{"id":143,"date":"2019-03-21T21:04:34","date_gmt":"2019-03-21T20:04:34","guid":{"rendered":"https:\/\/www.dsb030.de\/?page_id=143"},"modified":"2019-04-17T15:17:25","modified_gmt":"2019-04-17T13:17:25","slug":"einverstaendniserklaerung","status":"publish","type":"page","link":"https:\/\/www.dsb030.de\/index.php\/einverstaendniserklaerung\/","title":{"rendered":"Einverst\u00e4ndniserkl\u00e4rung"},"content":{"rendered":"\n<p>F\u00fcr jede Verarbeitung personenbezogener Daten m\u00fcssen sie einen legitimen Grund haben (DSGVO Art.6 Abs. 1). <\/p>\n\n\n\n<p>In den Abschnitten b &#8211; f des Art. 6 der DSGVO sind die Bedingungen f\u00fcr Verarbeitungen beschrieben, f\u00fcr die sie keine separate Einwilligung des Betroffenen ben\u00f6tigen.<\/p>\n\n\n\n<p>Wenn keine dieser Bedingungen zutrifft brauchen sie eine Einverst\u00e4ndniserkl\u00e4rung nach Art. 7  DSGVO.<\/p>\n\n\n\n<div class=\"wp-block-button mrbutton\"><a class=\"wp-block-button__link\" href=\"https:\/\/www.dsb030.de\/index.php\/antworten\/?go=ee-1\">hier herausfinden&#8230;<br><\/a><\/div>\n\n\n\n<p>Die Einwilligungserkl\u00e4rung kann schriftlich, m\u00fcndlich oder elektronisch erfolgen.<\/p>\n","protected":false},"excerpt":{"rendered":"<p>F\u00fcr jede Verarbeitung personenbezogener Daten m\u00fcssen sie einen legitimen Grund haben (DSGVO Art.6 Abs. 1). In den Abschnitten b &#8211; f des Art. 6 der DSGVO sind die Bedingungen f\u00fcr Verarbeitungen beschrieben, f\u00fcr die sie keine separate Einwilligung des Betroffenen ben\u00f6tigen. Wenn keine dieser Bedingungen zutrifft brauchen sie eine Einverst\u00e4ndniserkl\u00e4rung nach Art. 7 DSGVO. Die Einwilligungserkl\u00e4rung kann schriftlich, m\u00fcndlich oder [&hellip;]<\/p>\n","protected":false},"author":1,"featured_media":0,"parent":0,"menu_order":0,"comment_status":"closed","ping_status":"closed","template":"","meta":{"footnotes":""},"class_list":["post-143","page","type-page","status-publish","hentry"],"yoast_head":"<!-- This site is optimized with the Yoast SEO plugin v25.4 - https:\/\/yoast.com\/wordpress\/plugins\/seo\/ -->\n<title>Einverst\u00e4ndniserkl\u00e4rung - Datenschutz leicht gemacht<\/title>\n<meta name=\"robots\" content=\"index, follow, max-snippet:-1, max-image-preview:large, max-video-preview:-1\" \/>\n<link rel=\"canonical\" href=\"https:\/\/www.dsb030.de\/index.php\/einverstaendniserklaerung\/\" \/>\n<meta property=\"og:locale\" content=\"de_DE\" \/>\n<meta property=\"og:type\" content=\"article\" \/>\n<meta property=\"og:title\" content=\"Einverst\u00e4ndniserkl\u00e4rung - Datenschutz leicht gemacht\" \/>\n<meta property=\"og:description\" content=\"F\u00fcr jede Verarbeitung personenbezogener Daten m\u00fcssen sie einen legitimen Grund haben (DSGVO Art.6 Abs. 1). In den Abschnitten b &#8211; f des Art. 6 der DSGVO sind die Bedingungen f\u00fcr Verarbeitungen beschrieben, f\u00fcr die sie keine separate Einwilligung des Betroffenen ben\u00f6tigen. Wenn keine dieser Bedingungen zutrifft brauchen sie eine Einverst\u00e4ndniserkl\u00e4rung nach Art. 7 DSGVO. Die Einwilligungserkl\u00e4rung kann schriftlich, m\u00fcndlich oder [&hellip;]\" \/>\n<meta property=\"og:url\" content=\"https:\/\/www.dsb030.de\/index.php\/einverstaendniserklaerung\/\" \/>\n<meta property=\"og:site_name\" content=\"Datenschutz leicht gemacht\" \/>\n<meta property=\"article:modified_time\" content=\"2019-04-17T13:17:25+00:00\" \/>\n<meta name=\"twitter:card\" content=\"summary_large_image\" \/>\n<script type=\"application\/ld+json\" class=\"yoast-schema-graph\">{\"@context\":\"https:\/\/schema.org\",\"@graph\":[{\"@type\":\"WebPage\",\"@id\":\"https:\/\/www.dsb030.de\/index.php\/einverstaendniserklaerung\/\",\"url\":\"https:\/\/www.dsb030.de\/index.php\/einverstaendniserklaerung\/\",\"name\":\"Einverst\u00e4ndniserkl\u00e4rung - Datenschutz leicht gemacht\",\"isPartOf\":{\"@id\":\"https:\/\/www.dsb030.de\/#website\"},\"datePublished\":\"2019-03-21T20:04:34+00:00\",\"dateModified\":\"2019-04-17T13:17:25+00:00\",\"breadcrumb\":{\"@id\":\"https:\/\/www.dsb030.de\/index.php\/einverstaendniserklaerung\/#breadcrumb\"},\"inLanguage\":\"de\",\"potentialAction\":[{\"@type\":\"ReadAction\",\"target\":[\"https:\/\/www.dsb030.de\/index.php\/einverstaendniserklaerung\/\"]}]},{\"@type\":\"BreadcrumbList\",\"@id\":\"https:\/\/www.dsb030.de\/index.php\/einverstaendniserklaerung\/#breadcrumb\",\"itemListElement\":[{\"@type\":\"ListItem\",\"position\":1,\"name\":\"Home\",\"item\":\"https:\/\/www.dsb030.de\/\"},{\"@type\":\"ListItem\",\"position\":2,\"name\":\"Einverst\u00e4ndniserkl\u00e4rung\"}]},{\"@type\":\"WebSite\",\"@id\":\"https:\/\/www.dsb030.de\/#website\",\"url\":\"https:\/\/www.dsb030.de\/\",\"name\":\"Datenschutz leicht gemacht\",\"description\":\"Ihr externer Datenschutzbeauftragter f\u00fcr Berlin und Umgebung\",\"potentialAction\":[{\"@type\":\"SearchAction\",\"target\":{\"@type\":\"EntryPoint\",\"urlTemplate\":\"https:\/\/www.dsb030.de\/?s={search_term_string}\"},\"query-input\":{\"@type\":\"PropertyValueSpecification\",\"valueRequired\":true,\"valueName\":\"search_term_string\"}}],\"inLanguage\":\"de\"}]}<\/script>\n<!-- \/ Yoast SEO plugin. -->","yoast_head_json":{"title":"Einverst\u00e4ndniserkl\u00e4rung - Datenschutz leicht gemacht","robots":{"index":"index","follow":"follow","max-snippet":"max-snippet:-1","max-image-preview":"max-image-preview:large","max-video-preview":"max-video-preview:-1"},"canonical":"https:\/\/www.dsb030.de\/index.php\/einverstaendniserklaerung\/","og_locale":"de_DE","og_type":"article","og_title":"Einverst\u00e4ndniserkl\u00e4rung - Datenschutz leicht gemacht","og_description":"F\u00fcr jede Verarbeitung personenbezogener Daten m\u00fcssen sie einen legitimen Grund haben (DSGVO Art.6 Abs. 1). In den Abschnitten b &#8211; f des Art. 6 der DSGVO sind die Bedingungen f\u00fcr Verarbeitungen beschrieben, f\u00fcr die sie keine separate Einwilligung des Betroffenen ben\u00f6tigen. Wenn keine dieser Bedingungen zutrifft brauchen sie eine Einverst\u00e4ndniserkl\u00e4rung nach Art. 7 DSGVO. Die Einwilligungserkl\u00e4rung kann schriftlich, m\u00fcndlich oder [&hellip;]","og_url":"https:\/\/www.dsb030.de\/index.php\/einverstaendniserklaerung\/","og_site_name":"Datenschutz leicht gemacht","article_modified_time":"2019-04-17T13:17:25+00:00","twitter_card":"summary_large_image","schema":{"@context":"https:\/\/schema.org","@graph":[{"@type":"WebPage","@id":"https:\/\/www.dsb030.de\/index.php\/einverstaendniserklaerung\/","url":"https:\/\/www.dsb030.de\/index.php\/einverstaendniserklaerung\/","name":"Einverst\u00e4ndniserkl\u00e4rung - Datenschutz leicht gemacht","isPartOf":{"@id":"https:\/\/www.dsb030.de\/#website"},"datePublished":"2019-03-21T20:04:34+00:00","dateModified":"2019-04-17T13:17:25+00:00","breadcrumb":{"@id":"https:\/\/www.dsb030.de\/index.php\/einverstaendniserklaerung\/#breadcrumb"},"inLanguage":"de","potentialAction":[{"@type":"ReadAction","target":["https:\/\/www.dsb030.de\/index.php\/einverstaendniserklaerung\/"]}]},{"@type":"BreadcrumbList","@id":"https:\/\/www.dsb030.de\/index.php\/einverstaendniserklaerung\/#breadcrumb","itemListElement":[{"@type":"ListItem","position":1,"name":"Home","item":"https:\/\/www.dsb030.de\/"},{"@type":"ListItem","position":2,"name":"Einverst\u00e4ndniserkl\u00e4rung"}]},{"@type":"WebSite","@id":"https:\/\/www.dsb030.de\/#website","url":"https:\/\/www.dsb030.de\/","name":"Datenschutz leicht gemacht","description":"Ihr externer Datenschutzbeauftragter f\u00fcr Berlin und Umgebung","potentialAction":[{"@type":"SearchAction","target":{"@type":"EntryPoint","urlTemplate":"https:\/\/www.dsb030.de\/?s={search_term_string}"},"query-input":{"@type":"PropertyValueSpecification","valueRequired":true,"valueName":"search_term_string"}}],"inLanguage":"de"}]}},"_links":{"self":[{"href":"https:\/\/www.dsb030.de\/index.php\/wp-json\/wp\/v2\/pages\/143","targetHints":{"allow":["GET"]}}],"collection":[{"href":"https:\/\/www.dsb030.de\/index.php\/wp-json\/wp\/v2\/pages"}],"about":[{"href":"https:\/\/www.dsb030.de\/index.php\/wp-json\/wp\/v2\/types\/page"}],"author":[{"embeddable":true,"href":"https:\/\/www.dsb030.de\/index.php\/wp-json\/wp\/v2\/users\/1"}],"replies":[{"embeddable":true,"href":"https:\/\/www.dsb030.de\/index.php\/wp-json\/wp\/v2\/comments?post=143"}],"version-history":[{"count":12,"href":"https:\/\/www.dsb030.de\/index.php\/wp-json\/wp\/v2\/pages\/143\/revisions"}],"predecessor-version":[{"id":464,"href":"https:\/\/www.dsb030.de\/index.php\/wp-json\/wp\/v2\/pages\/143\/revisions\/464"}],"wp:attachment":[{"href":"https:\/\/www.dsb030.de\/index.php\/wp-json\/wp\/v2\/media?parent=143"}],"curies":[{"name":"wp","href":"https:\/\/api.w.org\/{rel}","templated":true}]}}