{"id":137,"date":"2019-03-21T20:57:16","date_gmt":"2019-03-21T19:57:16","guid":{"rendered":"https:\/\/www.dsb030.de\/?page_id=137"},"modified":"2019-06-13T22:30:55","modified_gmt":"2019-06-13T20:30:55","slug":"verarbeitungsverzeichnis","status":"publish","type":"page","link":"https:\/\/www.dsb030.de\/index.php\/verarbeitungsverzeichnis\/","title":{"rendered":"Verarbeitungsverzeichnis"},"content":{"rendered":"\n<p>Oder genauer gesagt, ein Verzeichnis der Verarbeitungst\u00e4tigkeiten nach DSGVO Art. 30?<\/p>\n\n\n\n<p class=\"hinweis\">In diesem Verzeichnis erfassen sie alle Verarbeitungen von personenbezogenen Daten. Von der Lohnbuchhaltung bis zur Reisekostenabrechnung und der Aktenvernichtung. Damit haben sie  einen genauen \u00dcberblick in welchen Prozessen im Betrieb personenbezogene Daten verarbeitet werden und sie k\u00f6nnen dem Auskunftsrecht von Kunden, Interessenten, Mitarbeitern oder den Beh\u00f6rden jederzeit entsprechen.<\/p>\n\n\n\n<p>Ob sie ein Verfahrensverzeichnis brauchen, finden sie &#8230;<\/p>\n\n\n\n<div class=\"wp-block-button\"><a class=\"wp-block-button__link has-text-color has-background has-primary-background-color\" href=\"\/index.php\/antworten\/?go=vv-1\" style=\"color:#000000\">hier heraus.<br><\/a><\/div>\n","protected":false},"excerpt":{"rendered":"<p>Oder genauer gesagt, ein Verzeichnis der Verarbeitungst\u00e4tigkeiten nach DSGVO Art. 30? In diesem Verzeichnis erfassen sie alle Verarbeitungen von personenbezogenen Daten. Von der Lohnbuchhaltung bis zur Reisekostenabrechnung und der Aktenvernichtung. Damit haben sie einen genauen \u00dcberblick in welchen Prozessen im Betrieb personenbezogene Daten verarbeitet werden und sie k\u00f6nnen dem Auskunftsrecht von Kunden, Interessenten, Mitarbeitern oder den Beh\u00f6rden jederzeit entsprechen. Ob [&hellip;]<\/p>\n","protected":false},"author":1,"featured_media":0,"parent":0,"menu_order":0,"comment_status":"closed","ping_status":"closed","template":"","meta":{"footnotes":""},"class_list":["post-137","page","type-page","status-publish","hentry"],"yoast_head":"<!-- This site is optimized with the Yoast SEO plugin v25.4 - https:\/\/yoast.com\/wordpress\/plugins\/seo\/ -->\n<title>Verarbeitungsverzeichnis - Datenschutz leicht gemacht<\/title>\n<meta name=\"robots\" content=\"index, follow, max-snippet:-1, max-image-preview:large, max-video-preview:-1\" \/>\n<link rel=\"canonical\" href=\"https:\/\/www.dsb030.de\/index.php\/verarbeitungsverzeichnis\/\" \/>\n<meta property=\"og:locale\" content=\"de_DE\" \/>\n<meta property=\"og:type\" content=\"article\" \/>\n<meta property=\"og:title\" content=\"Verarbeitungsverzeichnis - Datenschutz leicht gemacht\" \/>\n<meta property=\"og:description\" content=\"Oder genauer gesagt, ein Verzeichnis der Verarbeitungst\u00e4tigkeiten nach DSGVO Art. 30? In diesem Verzeichnis erfassen sie alle Verarbeitungen von personenbezogenen Daten. Von der Lohnbuchhaltung bis zur Reisekostenabrechnung und der Aktenvernichtung. Damit haben sie einen genauen \u00dcberblick in welchen Prozessen im Betrieb personenbezogene Daten verarbeitet werden und sie k\u00f6nnen dem Auskunftsrecht von Kunden, Interessenten, Mitarbeitern oder den Beh\u00f6rden jederzeit entsprechen. Ob [&hellip;]\" \/>\n<meta property=\"og:url\" content=\"https:\/\/www.dsb030.de\/index.php\/verarbeitungsverzeichnis\/\" \/>\n<meta property=\"og:site_name\" content=\"Datenschutz leicht gemacht\" \/>\n<meta property=\"article:modified_time\" content=\"2019-06-13T20:30:55+00:00\" \/>\n<meta name=\"twitter:card\" content=\"summary_large_image\" \/>\n<script type=\"application\/ld+json\" class=\"yoast-schema-graph\">{\"@context\":\"https:\/\/schema.org\",\"@graph\":[{\"@type\":\"WebPage\",\"@id\":\"https:\/\/www.dsb030.de\/index.php\/verarbeitungsverzeichnis\/\",\"url\":\"https:\/\/www.dsb030.de\/index.php\/verarbeitungsverzeichnis\/\",\"name\":\"Verarbeitungsverzeichnis - Datenschutz leicht gemacht\",\"isPartOf\":{\"@id\":\"https:\/\/www.dsb030.de\/#website\"},\"datePublished\":\"2019-03-21T19:57:16+00:00\",\"dateModified\":\"2019-06-13T20:30:55+00:00\",\"breadcrumb\":{\"@id\":\"https:\/\/www.dsb030.de\/index.php\/verarbeitungsverzeichnis\/#breadcrumb\"},\"inLanguage\":\"de\",\"potentialAction\":[{\"@type\":\"ReadAction\",\"target\":[\"https:\/\/www.dsb030.de\/index.php\/verarbeitungsverzeichnis\/\"]}]},{\"@type\":\"BreadcrumbList\",\"@id\":\"https:\/\/www.dsb030.de\/index.php\/verarbeitungsverzeichnis\/#breadcrumb\",\"itemListElement\":[{\"@type\":\"ListItem\",\"position\":1,\"name\":\"Home\",\"item\":\"https:\/\/www.dsb030.de\/\"},{\"@type\":\"ListItem\",\"position\":2,\"name\":\"Verarbeitungsverzeichnis\"}]},{\"@type\":\"WebSite\",\"@id\":\"https:\/\/www.dsb030.de\/#website\",\"url\":\"https:\/\/www.dsb030.de\/\",\"name\":\"Datenschutz leicht gemacht\",\"description\":\"Ihr externer Datenschutzbeauftragter f\u00fcr Berlin und Umgebung\",\"potentialAction\":[{\"@type\":\"SearchAction\",\"target\":{\"@type\":\"EntryPoint\",\"urlTemplate\":\"https:\/\/www.dsb030.de\/?s={search_term_string}\"},\"query-input\":{\"@type\":\"PropertyValueSpecification\",\"valueRequired\":true,\"valueName\":\"search_term_string\"}}],\"inLanguage\":\"de\"}]}<\/script>\n<!-- \/ Yoast SEO plugin. -->","yoast_head_json":{"title":"Verarbeitungsverzeichnis - Datenschutz leicht gemacht","robots":{"index":"index","follow":"follow","max-snippet":"max-snippet:-1","max-image-preview":"max-image-preview:large","max-video-preview":"max-video-preview:-1"},"canonical":"https:\/\/www.dsb030.de\/index.php\/verarbeitungsverzeichnis\/","og_locale":"de_DE","og_type":"article","og_title":"Verarbeitungsverzeichnis - Datenschutz leicht gemacht","og_description":"Oder genauer gesagt, ein Verzeichnis der Verarbeitungst\u00e4tigkeiten nach DSGVO Art. 30? In diesem Verzeichnis erfassen sie alle Verarbeitungen von personenbezogenen Daten. Von der Lohnbuchhaltung bis zur Reisekostenabrechnung und der Aktenvernichtung. Damit haben sie einen genauen \u00dcberblick in welchen Prozessen im Betrieb personenbezogene Daten verarbeitet werden und sie k\u00f6nnen dem Auskunftsrecht von Kunden, Interessenten, Mitarbeitern oder den Beh\u00f6rden jederzeit entsprechen. Ob [&hellip;]","og_url":"https:\/\/www.dsb030.de\/index.php\/verarbeitungsverzeichnis\/","og_site_name":"Datenschutz leicht gemacht","article_modified_time":"2019-06-13T20:30:55+00:00","twitter_card":"summary_large_image","schema":{"@context":"https:\/\/schema.org","@graph":[{"@type":"WebPage","@id":"https:\/\/www.dsb030.de\/index.php\/verarbeitungsverzeichnis\/","url":"https:\/\/www.dsb030.de\/index.php\/verarbeitungsverzeichnis\/","name":"Verarbeitungsverzeichnis - Datenschutz leicht gemacht","isPartOf":{"@id":"https:\/\/www.dsb030.de\/#website"},"datePublished":"2019-03-21T19:57:16+00:00","dateModified":"2019-06-13T20:30:55+00:00","breadcrumb":{"@id":"https:\/\/www.dsb030.de\/index.php\/verarbeitungsverzeichnis\/#breadcrumb"},"inLanguage":"de","potentialAction":[{"@type":"ReadAction","target":["https:\/\/www.dsb030.de\/index.php\/verarbeitungsverzeichnis\/"]}]},{"@type":"BreadcrumbList","@id":"https:\/\/www.dsb030.de\/index.php\/verarbeitungsverzeichnis\/#breadcrumb","itemListElement":[{"@type":"ListItem","position":1,"name":"Home","item":"https:\/\/www.dsb030.de\/"},{"@type":"ListItem","position":2,"name":"Verarbeitungsverzeichnis"}]},{"@type":"WebSite","@id":"https:\/\/www.dsb030.de\/#website","url":"https:\/\/www.dsb030.de\/","name":"Datenschutz leicht gemacht","description":"Ihr externer Datenschutzbeauftragter f\u00fcr Berlin und Umgebung","potentialAction":[{"@type":"SearchAction","target":{"@type":"EntryPoint","urlTemplate":"https:\/\/www.dsb030.de\/?s={search_term_string}"},"query-input":{"@type":"PropertyValueSpecification","valueRequired":true,"valueName":"search_term_string"}}],"inLanguage":"de"}]}},"_links":{"self":[{"href":"https:\/\/www.dsb030.de\/index.php\/wp-json\/wp\/v2\/pages\/137","targetHints":{"allow":["GET"]}}],"collection":[{"href":"https:\/\/www.dsb030.de\/index.php\/wp-json\/wp\/v2\/pages"}],"about":[{"href":"https:\/\/www.dsb030.de\/index.php\/wp-json\/wp\/v2\/types\/page"}],"author":[{"embeddable":true,"href":"https:\/\/www.dsb030.de\/index.php\/wp-json\/wp\/v2\/users\/1"}],"replies":[{"embeddable":true,"href":"https:\/\/www.dsb030.de\/index.php\/wp-json\/wp\/v2\/comments?post=137"}],"version-history":[{"count":21,"href":"https:\/\/www.dsb030.de\/index.php\/wp-json\/wp\/v2\/pages\/137\/revisions"}],"predecessor-version":[{"id":552,"href":"https:\/\/www.dsb030.de\/index.php\/wp-json\/wp\/v2\/pages\/137\/revisions\/552"}],"wp:attachment":[{"href":"https:\/\/www.dsb030.de\/index.php\/wp-json\/wp\/v2\/media?parent=137"}],"curies":[{"name":"wp","href":"https:\/\/api.w.org\/{rel}","templated":true}]}}